{"id":5021,"date":"2016-12-28T15:37:36","date_gmt":"2016-12-28T20:37:36","guid":{"rendered":"https:\/\/xstore.8theme.com\/demos\/corporate\/?page_id=5021"},"modified":"2023-06-07T04:52:49","modified_gmt":"2023-06-07T09:52:49","slug":"quienes-somos","status":"publish","type":"page","link":"https:\/\/cisoindex.com\/index.php\/quienes-somos\/","title":{"rendered":"Quienes Somos"},"content":{"rendered":"\t\t<div data-elementor-type=\"wp-page\" data-elementor-id=\"5021\" class=\"elementor elementor-5021\">\n\t\t\t\t\t\t<section class=\"elementor-section elementor-top-section elementor-element elementor-element-c115da0 elementor-section-full_width elementor-section-stretched elementor-section-height-default elementor-section-height-default\" data-id=\"c115da0\" data-element_type=\"section\" data-settings=\"{&quot;stretch_section&quot;:&quot;section-stretched&quot;,&quot;background_background&quot;:&quot;video&quot;,&quot;background_video_link&quot;:&quot;https:\\\/\\\/www.youtube.com\\\/watch?v=Rfaw8Yd88nw&amp;ab_channel=APIManzanillo&quot;,&quot;background_video_start&quot;:82,&quot;background_video_end&quot;:100,&quot;background_play_on_mobile&quot;:&quot;yes&quot;,&quot;background_privacy_mode&quot;:&quot;yes&quot;}\">\n\t\t\t\t\t\t\t\t<div class=\"elementor-background-video-container\">\n\t\t\t\t\t\t\t\t\t\t\t\t\t<div class=\"elementor-background-video-embed\"><\/div>\n\t\t\t\t\t\t\t\t\t\t\t\t<\/div>\n\t\t\t\t\t\t\t\t\t<div class=\"elementor-background-overlay\"><\/div>\n\t\t\t\t\t\t\t<div class=\"elementor-container elementor-column-gap-default\">\n\t\t\t\t\t<div class=\"elementor-column elementor-col-100 elementor-top-column elementor-element elementor-element-20df152\" data-id=\"20df152\" data-element_type=\"column\">\n\t\t\t<div class=\"elementor-widget-wrap elementor-element-populated\">\n\t\t\t\t\t\t<div class=\"elementor-element elementor-element-78ca4f9 elementor-widget elementor-widget-spacer\" data-id=\"78ca4f9\" data-element_type=\"widget\" data-widget_type=\"spacer.default\">\n\t\t\t\t<div class=\"elementor-widget-container\">\n\t\t\t\t\t<div class=\"elementor-spacer\">\n\t\t\t<div class=\"elementor-spacer-inner\"><\/div>\n\t\t<\/div>\n\t\t\t\t<\/div>\n\t\t\t\t<\/div>\n\t\t\t\t<div class=\"elementor-element elementor-element-e6bd901 elementor-widget elementor-widget-heading\" data-id=\"e6bd901\" data-element_type=\"widget\" data-widget_type=\"heading.default\">\n\t\t\t\t<div class=\"elementor-widget-container\">\n\t\t\t<h2 class=\"elementor-heading-title elementor-size-default\">Quienes Somos<\/h2>\t\t<\/div>\n\t\t\t\t<\/div>\n\t\t\t\t<div class=\"elementor-element elementor-element-89ac272 elementor-widget elementor-widget-spacer\" data-id=\"89ac272\" data-element_type=\"widget\" data-widget_type=\"spacer.default\">\n\t\t\t\t<div class=\"elementor-widget-container\">\n\t\t\t\t\t<div class=\"elementor-spacer\">\n\t\t\t<div class=\"elementor-spacer-inner\"><\/div>\n\t\t<\/div>\n\t\t\t\t<\/div>\n\t\t\t\t<\/div>\n\t\t\t\t\t<\/div>\n\t\t<\/div>\n\t\t\t\t\t<\/div>\n\t\t<\/section>\n\t\t\t\t<section class=\"elementor-section elementor-top-section elementor-element elementor-element-3a893fcd elementor-section-content-middle elementor-section-stretched elementor-section-boxed elementor-section-height-default elementor-section-height-default\" data-id=\"3a893fcd\" data-element_type=\"section\" data-settings=\"{&quot;stretch_section&quot;:&quot;section-stretched&quot;,&quot;background_background&quot;:&quot;classic&quot;}\">\n\t\t\t\t\t\t<div class=\"elementor-container elementor-column-gap-custom\">\n\t\t\t\t\t<div class=\"elementor-column elementor-col-50 elementor-top-column elementor-element elementor-element-44614104\" data-id=\"44614104\" data-element_type=\"column\" data-settings=\"{&quot;background_background&quot;:&quot;classic&quot;}\">\n\t\t\t<div class=\"elementor-widget-wrap elementor-element-populated\">\n\t\t\t\t\t\t<div class=\"elementor-element elementor-element-8264756 elementor-widget elementor-widget-spacer\" data-id=\"8264756\" data-element_type=\"widget\" data-widget_type=\"spacer.default\">\n\t\t\t\t<div class=\"elementor-widget-container\">\n\t\t\t\t\t<div class=\"elementor-spacer\">\n\t\t\t<div class=\"elementor-spacer-inner\"><\/div>\n\t\t<\/div>\n\t\t\t\t<\/div>\n\t\t\t\t<\/div>\n\t\t\t\t\t<\/div>\n\t\t<\/div>\n\t\t\t\t<div class=\"elementor-column elementor-col-50 elementor-top-column elementor-element elementor-element-69de82f9\" data-id=\"69de82f9\" data-element_type=\"column\">\n\t\t\t<div class=\"elementor-widget-wrap elementor-element-populated\">\n\t\t\t\t\t\t<div class=\"elementor-element elementor-element-50697f0d elementor-widget elementor-widget-heading\" data-id=\"50697f0d\" data-element_type=\"widget\" data-widget_type=\"heading.default\">\n\t\t\t\t<div class=\"elementor-widget-container\">\n\t\t\t<h2 class=\"elementor-heading-title elementor-size-default\">Acerca de Nosotros<\/h2>\t\t<\/div>\n\t\t\t\t<\/div>\n\t\t\t\t<div class=\"elementor-element elementor-element-bb6b08b elementor-align-left elementor-widget elementor-widget-etheme_advanced_headline\" data-id=\"bb6b08b\" data-element_type=\"widget\" data-widget_type=\"etheme_advanced_headline.default\">\n\t\t\t\t<div class=\"elementor-widget-container\">\n\t\t\t        \r\n        <div class=\"etheme-a-h-wrapper\">\r\n        \r\n            \r\n        <h2 class=\"etheme-advanced-headline\">\r\n\r\n            C.I Soindex \r\n        <\/h2>\r\n\t\t\r\n                    \r\n        <\/div>\r\n        \r\n\t\t\t\t<\/div>\n\t\t\t\t<\/div>\n\t\t\t\t<div class=\"elementor-element elementor-element-36c9d72 elementor-widget__width-initial elementor-widget elementor-widget-text-editor\" data-id=\"36c9d72\" data-element_type=\"widget\" data-widget_type=\"text-editor.default\">\n\t\t\t\t<div class=\"elementor-widget-container\">\n\t\t\t\t\t\t\t<p style=\"text-align: justify;\">Somos una Comercializadora Internacional , comprometida con la din&aacute;mica del mercado en el contexto global, brindamos soluciones integrales competitivas para nuestros clientes, contamos con un equipo de profesionales destacados competentes comprometidos en entender las necesidades de nuestros clientes trabajamos con una amplia red estrat&eacute;gica de productores, proveedores y distribuidores certificados para operaciones internacionales capitalizamos a favor de nuestros los clientes los incentivos institucionales para fortalecer las operaciones comerciales.<\/p>\t\t\t\t\t\t<\/div>\n\t\t\t\t<\/div>\n\t\t\t\t<div class=\"elementor-element elementor-element-1aa7f20c elementor-widget elementor-widget-accordion\" data-id=\"1aa7f20c\" data-element_type=\"widget\" data-widget_type=\"accordion.default\">\n\t\t\t\t<div class=\"elementor-widget-container\">\n\t\t\t\t\t<div class=\"elementor-accordion\">\n\t\t\t\t\t\t\t<div class=\"elementor-accordion-item\">\n\t\t\t\t\t<div id=\"elementor-tab-title-4471\" class=\"elementor-tab-title\" data-tab=\"1\" role=\"button\" aria-controls=\"elementor-tab-content-4471\" aria-expanded=\"false\">\n\t\t\t\t\t\t\t\t\t\t\t\t\t<span class=\"elementor-accordion-icon elementor-accordion-icon-right\" aria-hidden=\"true\">\n\t\t\t\t\t\t\t\t\t\t\t\t\t\t\t<span class=\"elementor-accordion-icon-closed\"><i class=\"fas fa-chevron-down\"><\/i><\/span>\n\t\t\t\t\t\t\t\t<span class=\"elementor-accordion-icon-opened\"><i class=\"fas fa-chevron-up\"><\/i><\/span>\n\t\t\t\t\t\t\t\t\t\t\t\t\t\t<\/span>\n\t\t\t\t\t\t\t\t\t\t\t\t<a class=\"elementor-accordion-title\" tabindex=\"0\">MISI\u00d3N<\/a>\n\t\t\t\t\t<\/div>\n\t\t\t\t\t<div id=\"elementor-tab-content-4471\" class=\"elementor-tab-content elementor-clearfix\" data-tab=\"1\" role=\"region\" aria-labelledby=\"elementor-tab-title-4471\"><p style=\"text-align: justify;\"><span style=\"color: #000000;\"><em>Somos una Empresa dedicada a facilitar y promover el intercambio de bienes y servicios entre diferentes pa\u00edses cuyo objetivo principal es conectar a productores y proveedores con consumidores y clientes potenciales de otros mercados en donde identificamos oportunidades, establecemos contactos para la negociaci\u00f3n de acuerdos comerciales ejerciendo promoci\u00f3n y marketing internacional como agentes intermediarios, confiables y seguros facilitando las expansi\u00f3n y crecimiento de los negocios.<\/em><\/span><\/p><\/div>\n\t\t\t\t<\/div>\n\t\t\t\t\t\t\t<div class=\"elementor-accordion-item\">\n\t\t\t\t\t<div id=\"elementor-tab-title-4472\" class=\"elementor-tab-title\" data-tab=\"2\" role=\"button\" aria-controls=\"elementor-tab-content-4472\" aria-expanded=\"false\">\n\t\t\t\t\t\t\t\t\t\t\t\t\t<span class=\"elementor-accordion-icon elementor-accordion-icon-right\" aria-hidden=\"true\">\n\t\t\t\t\t\t\t\t\t\t\t\t\t\t\t<span class=\"elementor-accordion-icon-closed\"><i class=\"fas fa-chevron-down\"><\/i><\/span>\n\t\t\t\t\t\t\t\t<span class=\"elementor-accordion-icon-opened\"><i class=\"fas fa-chevron-up\"><\/i><\/span>\n\t\t\t\t\t\t\t\t\t\t\t\t\t\t<\/span>\n\t\t\t\t\t\t\t\t\t\t\t\t<a class=\"elementor-accordion-title\" tabindex=\"0\">VISI\u00d3N<\/a>\n\t\t\t\t\t<\/div>\n\t\t\t\t\t<div id=\"elementor-tab-content-4472\" class=\"elementor-tab-content elementor-clearfix\" data-tab=\"2\" role=\"region\" aria-labelledby=\"elementor-tab-title-4472\"><p style=\"text-align: justify;\"><span style=\"color: #000000;\"><em>En el 2027 buscamos ser identificados como una organizaci\u00f3n destacada como agentes estrat\u00e9gicos de comercializaci\u00f3n internacional de nuestros clientes para sus operaciones y din\u00e1micas en las tendencias del mercado para su productividad en el contexto global.<\/em><\/span><\/p><\/div>\n\t\t\t\t<\/div>\n\t\t\t\t\t\t\t\t\t\t<script type=\"application\/ld+json\">{\"@context\":\"https:\\\/\\\/schema.org\",\"@type\":\"FAQPage\",\"mainEntity\":[{\"@type\":\"Question\",\"name\":\"MISI\\u00d3N\",\"acceptedAnswer\":{\"@type\":\"Answer\",\"text\":\"<p style=\\\"text-align: justify;\\\"><span style=\\\"color: #000000;\\\"><em>Somos una Empresa dedicada a facilitar y promover el intercambio de bienes y servicios entre diferentes pa\\u00edses cuyo objetivo principal es conectar a productores y proveedores con consumidores y clientes potenciales de otros mercados en donde identificamos oportunidades, establecemos contactos para la negociaci\\u00f3n de acuerdos comerciales ejerciendo promoci\\u00f3n y marketing internacional como agentes intermediarios, confiables y seguros facilitando las expansi\\u00f3n y crecimiento de los negocios.<\\\/em><\\\/span><\\\/p>\"}},{\"@type\":\"Question\",\"name\":\"VISI\\u00d3N\",\"acceptedAnswer\":{\"@type\":\"Answer\",\"text\":\"<p style=\\\"text-align: justify;\\\"><span style=\\\"color: #000000;\\\"><em>En el 2027 buscamos ser identificados como una organizaci\\u00f3n destacada como agentes estrat\\u00e9gicos de comercializaci\\u00f3n internacional de nuestros clientes para sus operaciones y din\\u00e1micas en las tendencias del mercado para su productividad en el contexto global.<\\\/em><\\\/span><\\\/p>\"}}]}<\/script>\n\t\t\t\t\t<\/div>\n\t\t\t\t<\/div>\n\t\t\t\t<\/div>\n\t\t\t\t\t<\/div>\n\t\t<\/div>\n\t\t\t\t\t<\/div>\n\t\t<\/section>\n\t\t\t\t<section class=\"elementor-section elementor-top-section elementor-element elementor-element-89790d7 elementor-section-boxed elementor-section-height-default elementor-section-height-default\" data-id=\"89790d7\" data-element_type=\"section\">\n\t\t\t\t\t\t<div class=\"elementor-container elementor-column-gap-default\">\n\t\t\t\t\t<div class=\"elementor-column elementor-col-100 elementor-top-column elementor-element elementor-element-7061075\" data-id=\"7061075\" data-element_type=\"column\">\n\t\t\t<div class=\"elementor-widget-wrap elementor-element-populated\">\n\t\t\t\t\t\t<div class=\"elementor-element elementor-element-7cfb6b0 elementor-widget elementor-widget-spacer\" data-id=\"7cfb6b0\" data-element_type=\"widget\" data-widget_type=\"spacer.default\">\n\t\t\t\t<div class=\"elementor-widget-container\">\n\t\t\t\t\t<div class=\"elementor-spacer\">\n\t\t\t<div class=\"elementor-spacer-inner\"><\/div>\n\t\t<\/div>\n\t\t\t\t<\/div>\n\t\t\t\t<\/div>\n\t\t\t\t\t<\/div>\n\t\t<\/div>\n\t\t\t\t\t<\/div>\n\t\t<\/section>\n\t\t\t\t<section class=\"elementor-section elementor-top-section elementor-element elementor-element-06405a2 elementor-section-boxed elementor-section-height-default elementor-section-height-default\" data-id=\"06405a2\" data-element_type=\"section\">\n\t\t\t\t\t\t<div class=\"elementor-container elementor-column-gap-default\">\n\t\t\t\t\t<div class=\"elementor-column elementor-col-100 elementor-top-column elementor-element elementor-element-158f783\" data-id=\"158f783\" data-element_type=\"column\">\n\t\t\t<div class=\"elementor-widget-wrap elementor-element-populated\">\n\t\t\t\t\t\t<div class=\"elementor-element elementor-element-f543322 elementor-widget elementor-widget-heading\" data-id=\"f543322\" data-element_type=\"widget\" data-widget_type=\"heading.default\">\n\t\t\t\t<div class=\"elementor-widget-container\">\n\t\t\t<h2 class=\"elementor-heading-title elementor-size-default\">Nuestro equipo de trabajo<\/h2>\t\t<\/div>\n\t\t\t\t<\/div>\n\t\t\t\t\t<\/div>\n\t\t<\/div>\n\t\t\t\t\t<\/div>\n\t\t<\/section>\n\t\t\t\t<section class=\"elementor-section elementor-top-section elementor-element elementor-element-b932b89 elementor-section-boxed elementor-section-height-default elementor-section-height-default\" data-id=\"b932b89\" data-element_type=\"section\">\n\t\t\t\t\t\t<div class=\"elementor-container elementor-column-gap-no\">\n\t\t\t\t\t<div class=\"elementor-column elementor-col-33 elementor-top-column elementor-element elementor-element-4d7cbc9\" data-id=\"4d7cbc9\" data-element_type=\"column\">\n\t\t\t<div class=\"elementor-widget-wrap elementor-element-populated\">\n\t\t\t\t\t\t<div class=\"elementor-element elementor-element-4256296 elementor-widget elementor-widget-team_member\" data-id=\"4256296\" data-element_type=\"widget\" data-widget_type=\"team_member.default\">\n\t\t\t\t<div class=\"elementor-widget-container\">\n\t\t\t\r\n\t\t<div class=\"team-member  team-member-576 member-type-1 image-position-left et_image-with-hover et_image-hover-2\">\r\n\r\n\t        \r\n\t\t\t        <div class=\"member-details text-center\">\r\n\r\n\t\t\t        \t<h4 class=\"member-name\">Amanda Jack<\/h4><h5 class=\"member-position\">Software Engineer<\/h5><div class=\"member-content\">Lorem ipsum dolor amet, adipising elit, <br>\nsed do eiusmod incididunt.<\/div>\r\n\t\t\t    \t<\/div>\r\n\r\n\t\t        \r\n\t   \t<\/div>\r\n\r\n\t    \t\t<\/div>\n\t\t\t\t<\/div>\n\t\t\t\t\t<\/div>\n\t\t<\/div>\n\t\t\t\t<div class=\"elementor-column elementor-col-33 elementor-top-column elementor-element elementor-element-9cfc512\" data-id=\"9cfc512\" data-element_type=\"column\">\n\t\t\t<div class=\"elementor-widget-wrap elementor-element-populated\">\n\t\t\t\t\t\t<div class=\"elementor-element elementor-element-6213c77 elementor-widget elementor-widget-team_member\" data-id=\"6213c77\" data-element_type=\"widget\" data-widget_type=\"team_member.default\">\n\t\t\t\t<div class=\"elementor-widget-container\">\n\t\t\t\r\n\t\t<div class=\"team-member  team-member-927 member-type-1 image-position-left et_image-with-hover et_image-hover-2\">\r\n\r\n\t        \r\n\t\t\t        <div class=\"member-details text-center\">\r\n\r\n\t\t\t        \t<h4 class=\"member-name\">Jack Smith<\/h4><h5 class=\"member-position\">Software Engineer<\/h5><div class=\"member-content\">Lorem ipsum dolor amet, adipising elit, <br>\nsed do eiusmod incididunt.<\/div>\r\n\t\t\t    \t<\/div>\r\n\r\n\t\t        \r\n\t   \t<\/div>\r\n\r\n\t    \t\t<\/div>\n\t\t\t\t<\/div>\n\t\t\t\t\t<\/div>\n\t\t<\/div>\n\t\t\t\t<div class=\"elementor-column elementor-col-33 elementor-top-column elementor-element elementor-element-ab3f8ea\" data-id=\"ab3f8ea\" data-element_type=\"column\">\n\t\t\t<div class=\"elementor-widget-wrap elementor-element-populated\">\n\t\t\t\t\t\t<div class=\"elementor-element elementor-element-b8be30e elementor-widget elementor-widget-team_member\" data-id=\"b8be30e\" data-element_type=\"widget\" data-widget_type=\"team_member.default\">\n\t\t\t\t<div class=\"elementor-widget-container\">\n\t\t\t\r\n\t\t<div class=\"team-member  team-member-870 member-type-1 image-position-left et_image-with-hover et_image-hover-2\">\r\n\r\n\t        \r\n\t\t\t        <div class=\"member-details text-center\">\r\n\r\n\t\t\t        \t<h4 class=\"member-name\">Joan Barber<\/h4><h5 class=\"member-position\">Software Engineer<\/h5><div class=\"member-content\">Lorem ipsum dolor amet, adipising elit, <br>\nsed do eiusmod incididunt.<\/div>\r\n\t\t\t    \t<\/div>\r\n\r\n\t\t        \r\n\t   \t<\/div>\r\n\r\n\t    \t\t<\/div>\n\t\t\t\t<\/div>\n\t\t\t\t\t<\/div>\n\t\t<\/div>\n\t\t\t\t\t<\/div>\n\t\t<\/section>\n\t\t\t\t<section class=\"elementor-section elementor-top-section elementor-element elementor-element-2075e14 elementor-section-boxed elementor-section-height-default elementor-section-height-default\" data-id=\"2075e14\" data-element_type=\"section\">\n\t\t\t\t\t\t<div class=\"elementor-container elementor-column-gap-no\">\n\t\t\t\t\t<div class=\"elementor-column elementor-col-33 elementor-top-column elementor-element elementor-element-f150657\" data-id=\"f150657\" data-element_type=\"column\">\n\t\t\t<div class=\"elementor-widget-wrap elementor-element-populated\">\n\t\t\t\t\t\t<div class=\"elementor-element elementor-element-c14cba9 elementor-widget elementor-widget-team_member\" data-id=\"c14cba9\" data-element_type=\"widget\" data-widget_type=\"team_member.default\">\n\t\t\t\t<div class=\"elementor-widget-container\">\n\t\t\t\r\n\t\t<div class=\"team-member  team-member-752 member-type-1 image-position-left et_image-with-hover et_image-hover-2\">\r\n\r\n\t        \r\n\t\t\t        <div class=\"member-details text-center\">\r\n\r\n\t\t\t        \t<h4 class=\"member-name\">Brandon Ross<\/h4><h5 class=\"member-position\">Software Engineer<\/h5><div class=\"member-content\">Lorem ipsum dolor amet, adipising elit, <br>\nsed do eiusmod incididunt.<\/div>\r\n\t\t\t    \t<\/div>\r\n\r\n\t\t        \r\n\t   \t<\/div>\r\n\r\n\t    \t\t<\/div>\n\t\t\t\t<\/div>\n\t\t\t\t\t<\/div>\n\t\t<\/div>\n\t\t\t\t<div class=\"elementor-column elementor-col-33 elementor-top-column elementor-element elementor-element-698d127\" data-id=\"698d127\" data-element_type=\"column\">\n\t\t\t<div class=\"elementor-widget-wrap elementor-element-populated\">\n\t\t\t\t\t\t<div class=\"elementor-element elementor-element-348351e elementor-widget elementor-widget-team_member\" data-id=\"348351e\" data-element_type=\"widget\" data-widget_type=\"team_member.default\">\n\t\t\t\t<div class=\"elementor-widget-container\">\n\t\t\t\r\n\t\t<div class=\"team-member  team-member-400 member-type-1 image-position-left et_image-with-hover et_image-hover-2\">\r\n\r\n\t        \r\n\t\t\t        <div class=\"member-details text-center\">\r\n\r\n\t\t\t        \t<h4 class=\"member-name\">Dana Martin<\/h4><h5 class=\"member-position\">Software Engineer<\/h5><div class=\"member-content\">Lorem ipsum dolor amet, adipising elit, <br>\nsed do eiusmod incididunt.<\/div>\r\n\t\t\t    \t<\/div>\r\n\r\n\t\t        \r\n\t   \t<\/div>\r\n\r\n\t    \t\t<\/div>\n\t\t\t\t<\/div>\n\t\t\t\t\t<\/div>\n\t\t<\/div>\n\t\t\t\t<div class=\"elementor-column elementor-col-33 elementor-top-column elementor-element elementor-element-ff62e0c\" data-id=\"ff62e0c\" data-element_type=\"column\">\n\t\t\t<div class=\"elementor-widget-wrap elementor-element-populated\">\n\t\t\t\t\t\t<div class=\"elementor-element elementor-element-e852a8f elementor-widget elementor-widget-team_member\" data-id=\"e852a8f\" data-element_type=\"widget\" data-widget_type=\"team_member.default\">\n\t\t\t\t<div class=\"elementor-widget-container\">\n\t\t\t\r\n\t\t<div class=\"team-member  team-member-204 member-type-1 image-position-left et_image-with-hover et_image-hover-2\">\r\n\r\n\t        \r\n\t\t\t        <div class=\"member-details text-center\">\r\n\r\n\t\t\t        \t<h4 class=\"member-name\">Trevor Taylor<\/h4><h5 class=\"member-position\">Software Engineer<\/h5><div class=\"member-content\">Lorem ipsum dolor amet, adipising elit, <br>\nsed do eiusmod incididunt.<\/div>\r\n\t\t\t    \t<\/div>\r\n\r\n\t\t        \r\n\t   \t<\/div>\r\n\r\n\t    \t\t<\/div>\n\t\t\t\t<\/div>\n\t\t\t\t\t<\/div>\n\t\t<\/div>\n\t\t\t\t\t<\/div>\n\t\t<\/section>\n\t\t\t\t<\/div>\n\t\t","protected":false},"excerpt":{"rendered":"<p>Quienes Somos Acerca de Nosotros C.I Soindex Somos una Comercializadora Internacional , comprometida con la din&aacute;mica del mercado en el contexto global, brindamos soluciones integrales&#8230;<\/p>\n","protected":false},"author":1,"featured_media":0,"parent":0,"menu_order":0,"comment_status":"closed","ping_status":"closed","template":"","meta":{"footnotes":""},"class_list":["post-5021","page","type-page","status-publish","hentry"],"_links":{"self":[{"href":"https:\/\/cisoindex.com\/index.php\/wp-json\/wp\/v2\/pages\/5021","targetHints":{"allow":["GET"]}}],"collection":[{"href":"https:\/\/cisoindex.com\/index.php\/wp-json\/wp\/v2\/pages"}],"about":[{"href":"https:\/\/cisoindex.com\/index.php\/wp-json\/wp\/v2\/types\/page"}],"author":[{"embeddable":true,"href":"https:\/\/cisoindex.com\/index.php\/wp-json\/wp\/v2\/users\/1"}],"replies":[{"embeddable":true,"href":"https:\/\/cisoindex.com\/index.php\/wp-json\/wp\/v2\/comments?post=5021"}],"version-history":[{"count":31,"href":"https:\/\/cisoindex.com\/index.php\/wp-json\/wp\/v2\/pages\/5021\/revisions"}],"predecessor-version":[{"id":6115,"href":"https:\/\/cisoindex.com\/index.php\/wp-json\/wp\/v2\/pages\/5021\/revisions\/6115"}],"wp:attachment":[{"href":"https:\/\/cisoindex.com\/index.php\/wp-json\/wp\/v2\/media?parent=5021"}],"curies":[{"name":"wp","href":"https:\/\/api.w.org\/{rel}","templated":true}]}}